{"id":4146,"date":"2026-01-18T19:19:20","date_gmt":"2026-01-18T18:19:20","guid":{"rendered":"https:\/\/rvp-dienstleistungen.de\/?page_id=4146"},"modified":"2026-01-29T14:35:28","modified_gmt":"2026-01-29T13:35:28","slug":"imprint","status":"publish","type":"page","link":"https:\/\/rvp-dienstleistungen.de\/en\/impressum\/","title":{"rendered":"Imprint"},"content":{"rendered":"\t\t<div data-elementor-type=\"wp-page\" data-elementor-id=\"4146\" class=\"elementor elementor-4146\" data-elementor-post-type=\"page\">\n\t\t\t\t<div class=\"elementor-element elementor-element-7cbc2f6 e-flex e-con-boxed e-con e-parent\" data-id=\"7cbc2f6\" data-element_type=\"container\" data-e-type=\"container\">\n\t\t\t\t\t<div class=\"e-con-inner\">\n\t\t\t\t<div class=\"elementor-element elementor-element-6302a26 elementor-widget elementor-widget-text-editor\" data-id=\"6302a26\" data-element_type=\"widget\" data-e-type=\"widget\" data-widget_type=\"text-editor.default\">\n\t\t\t\t\t\t\t\t\t<p>Angaben gem\u00e4\u00df \u00a7 5 TMG und \u00a7 18 Abs. 1 Medienstaatsvertrag:<\/p><p><strong>Herausgeber:<\/strong><br \/>RVP Geb\u00e4udereinigung &amp; Objektservice<br \/>Schwalbenweg 32,<br \/>67063 Ludwigshafen<\/p><p><strong>Kontakt:<\/strong><br \/>Telefon:+49 155 63499313<br \/>E-Mail: info@rvp-dienstleistungen.de<\/p><p><strong>Vertreten durch:<\/strong><br \/>Gesch\u00e4ftsf\u00fchrer: Davut Kapan<\/p><p><strong>Umsatzsteuer-ID:<\/strong><br \/>Umsatzsteuer-Identifikationsnummer gem\u00e4\u00df \u00a7 27 a Umsatzsteuergesetz: &#8230;&#8230;..<\/p><p><strong>Verantwortlich f\u00fcr den Inhalt nach \u00a7 18 Abs. 2 Medienstaatsvertrag:<\/strong><br \/>Davut Kapan<br \/>RVP Geb\u00e4udereinigung &amp; Objektservice<br \/>Schwalbenweg 32,<br \/>67063 Ludwigshafen<br \/>Telefon: +49 155 63499313<\/p><p><strong>Haftungsausschluss<\/strong><\/p><p><strong>Haftung f\u00fcr Links:<\/strong><br \/>Unsere Webseite enth\u00e4lt Links zu externen Webseiten Dritter. Auf deren Inhalte haben wir keinen Einfluss, daher k\u00f6nnen wir f\u00fcr diese fremden Inhalte keine Gew\u00e4hr \u00fcbernehmen. F\u00fcr die Inhalte der verlinkten Seiten ist stets der jeweilige Anbieter oder Betreiber verantwortlich. Zum Zeitpunkt der Verlinkung wurden die Seiten auf m\u00f6gliche Rechtsverst\u00f6\u00dfe \u00fcberpr\u00fcft, wobei keine rechtswidrigen Inhalte erkennbar waren. Eine dauerhafte inhaltliche Kontrolle der verlinkten Seiten ist ohne konkrete Anhaltspunkte einer Rechtsverletzung nicht zumutbar. Bei Bekanntwerden von Rechtsverletzungen werden wir entsprechende Links umgehend entfernen.<\/p><p><strong>Haftung f\u00fcr Inhalte:<\/strong><br \/>Die Inhalte unserer Seiten wurden mit gr\u00f6\u00dfter Sorgfalt erstellt. F\u00fcr die Richtigkeit, Vollst\u00e4ndigkeit und Aktualit\u00e4t der Inhalte k\u00f6nnen wir jedoch keine Gew\u00e4hr \u00fcbernehmen. Als Diensteanbieter sind wir gem\u00e4\u00df \u00a7 7 Abs.1 TMG f\u00fcr eigene Inhalte auf diesen Seiten nach den allgemeinen Gesetzen verantwortlich. Nach \u00a7\u00a7 8 bis 10 TMG sind wir jedoch nicht verpflichtet, \u00fcbermittelte oder gespeicherte fremde Informationen zu \u00fcberwachen oder nach Umst\u00e4nden zu forschen, die auf rechtswidrige T\u00e4tigkeiten hinweisen. Verpflichtungen zur Entfernung oder Sperrung der Nutzung von Informationen nach den allgemeinen Gesetzen bleiben hiervon unber\u00fchrt. Eine diesbez\u00fcgliche Haftung ist jedoch erst ab dem Zeitpunkt der Kenntnis einer konkreten Rechtsverletzung m\u00f6glich. Bei Bekanntwerden von Rechtsverletzungen werden wir diese Inhalte umgehend entfernen.<\/p><p><strong>Urheberrecht:<\/strong><br \/>Die durch die Betreiber dieser Seite erstellten Inhalte und Werke auf dieser Webseite unterliegen dem deutschen Urheberrecht. Vervielf\u00e4ltigung, Bearbeitung, Verbreitung und jede Art der Verwertung au\u00dferhalb der Grenzen des Urheberrechts bed\u00fcrfen der schriftlichen Zustimmung des jeweiligen Autors bzw. Erstellers. Downloads und Kopien dieser Seite sind nur f\u00fcr den privaten, nicht kommerziellen Gebrauch gestattet. Soweit Inhalte auf dieser Seite nicht vom Betreiber erstellt wurden, werden die Urheberrechte Dritter beachtet und solche Inhalte entsprechend gekennzeichnet. Sollten Sie dennoch auf eine Urheberrechtsverletzung aufmerksam werden, bitten wir um einen entsprechenden Hinweis. Bei Bekanntwerden von Rechtsverletzungen werden wir derartige Inhalte umgehend entfernen.<\/p><p><strong>Bildnachweis:<\/strong><br \/>Einige der auf dieser Webseite verwendeten Bilder wurden mit Unterst\u00fctzung von ChatGPT, einem KI-basierten Text- und Bildgenerierungstool, erstellt. Andere Bilder stammen aus [iStock Photo], wurden eigens f\u00fcr diese Webseite erstellt oder \u00fcber Envato lizenziert erworben.<\/p><p><strong>Streitbeilegungsverfahren:<\/strong><br \/>Die RVP Geb\u00e4udereinigung &amp; Objektservice ist weder bereit noch verpflichtet, an Streitbeilegungsverfahren vor einer Verbraucherschlichtungsstelle teilzunehmen.<\/p><p><strong>Datenschutzerkl\u00e4rung:<\/strong><br \/>Die Nutzung unserer Webseite ist in der Regel ohne Angabe personenbezogener Daten m\u00f6glich. Soweit auf unseren Seiten personenbezogene Daten (beispielsweise Name, Anschrift oder E-Mail-Adressen) erhoben werden, erfolgt dies, soweit m\u00f6glich, stets auf freiwilliger Basis. Diese Daten werden ohne Ihre ausdr\u00fcckliche Zustimmung nicht an Dritte weitergegeben.<\/p><p>Wir weisen darauf hin, dass die Daten\u00fcbertragung im Internet (z.B. bei der Kommunikation per E-Mail) Sicherheitsl\u00fccken aufweisen kann. Ein l\u00fcckenloser Schutz der Daten vor dem Zugriff durch Dritte ist nicht m\u00f6glich.<\/p><p><strong>Google Analytics:<\/strong><br \/>Diese Website verwendet Google Analytics, einen Webanalysedienst der Google Inc. (\u201eGoogle\u201c). Google Analytics verwendet \u201eCookies\u201c, die auf Ihrem Computer gespeichert werden und eine Analyse der Benutzung der Website durch Sie erm\u00f6glichen. Die durch den Cookie erzeugten Informationen werden an einen Server von Google in den USA \u00fcbertragen und dort gespeichert. Google verwendet diese Informationen, um Ihre Nutzung der Website auszuwerten und Berichte f\u00fcr die Betreiber zusammenzustellen.<\/p>\t\t\t\t\t\t\t\t<\/div>\n\t\t\t\t\t<\/div>\n\t\t\t\t<\/div>\n\t\t\t\t<\/div>\n\t\t","protected":false},"excerpt":{"rendered":"<p>Angaben gem\u00e4\u00df \u00a7 5 TMG und \u00a7 18 Abs. 1 Medienstaatsvertrag: Herausgeber:RVP Geb\u00e4udereinigung &amp; ObjektserviceSchwalbenweg 32,67063 Ludwigshafen Kontakt:Telefon:+49 155 63499313E-Mail: info@rvp-dienstleistungen.de Vertreten durch:Gesch\u00e4ftsf\u00fchrer: Davut Kapan Umsatzsteuer-ID:Umsatzsteuer-Identifikationsnummer gem\u00e4\u00df \u00a7 27 a Umsatzsteuergesetz: &#8230;&#8230;.. Verantwortlich f\u00fcr den Inhalt nach \u00a7 18 Abs. 2 Medienstaatsvertrag:Davut KapanRVP Geb\u00e4udereinigung &amp; ObjektserviceSchwalbenweg 32,67063 LudwigshafenTelefon: +49 155 63499313 Haftungsausschluss Haftung f\u00fcr Links:Unsere [&hellip;]<\/p>\n","protected":false},"author":1,"featured_media":0,"parent":0,"menu_order":0,"comment_status":"closed","ping_status":"closed","template":"page-templates\/template-default.php","meta":{"_monsterinsights_skip_tracking":false,"_monsterinsights_sitenote_active":false,"_monsterinsights_sitenote_note":"","_monsterinsights_sitenote_category":0,"footnotes":""},"class_list":["post-4146","page","type-page","status-publish","hentry"],"aioseo_notices":[],"_links":{"self":[{"href":"https:\/\/rvp-dienstleistungen.de\/en\/wp-json\/wp\/v2\/pages\/4146","targetHints":{"allow":["GET"]}}],"collection":[{"href":"https:\/\/rvp-dienstleistungen.de\/en\/wp-json\/wp\/v2\/pages"}],"about":[{"href":"https:\/\/rvp-dienstleistungen.de\/en\/wp-json\/wp\/v2\/types\/page"}],"author":[{"embeddable":true,"href":"https:\/\/rvp-dienstleistungen.de\/en\/wp-json\/wp\/v2\/users\/1"}],"replies":[{"embeddable":true,"href":"https:\/\/rvp-dienstleistungen.de\/en\/wp-json\/wp\/v2\/comments?post=4146"}],"version-history":[{"count":16,"href":"https:\/\/rvp-dienstleistungen.de\/en\/wp-json\/wp\/v2\/pages\/4146\/revisions"}],"predecessor-version":[{"id":4300,"href":"https:\/\/rvp-dienstleistungen.de\/en\/wp-json\/wp\/v2\/pages\/4146\/revisions\/4300"}],"wp:attachment":[{"href":"https:\/\/rvp-dienstleistungen.de\/en\/wp-json\/wp\/v2\/media?parent=4146"}],"curies":[{"name":"wp","href":"https:\/\/api.w.org\/{rel}","templated":true}]}}